{"id":48,"date":"2022-04-08T17:25:28","date_gmt":"2022-04-08T15:25:28","guid":{"rendered":"http:\/\/vbvxxts.cluster031.hosting.ovh.net\/?page_id=48"},"modified":"2025-11-21T10:09:02","modified_gmt":"2025-11-21T09:09:02","slug":"tarifs","status":"publish","type":"page","link":"http:\/\/vbvxxts.cluster031.hosting.ovh.net\/index.php\/tarifs\/","title":{"rendered":"Tarifs"},"content":{"rendered":"<p>[et_pb_section fb_built=\u00a0\u00bb1&Prime; _builder_version=\u00a0\u00bb4.17.0&Prime; _module_preset=\u00a0\u00bbdefault\u00a0\u00bb background_image=\u00a0\u00bbhttp:\/\/vbvxxts.cluster031.hosting.ovh.net\/wp-content\/uploads\/2022\/04\/IMG_5674-1-scaled.jpg\u00a0\u00bb global_colors_info=\u00a0\u00bb{}\u00a0\u00bb][et_pb_row _builder_version=\u00a0\u00bb4.17.0&Prime; _module_preset=\u00a0\u00bbdefault\u00a0\u00bb background_color=\u00a0\u00bbRGBA(255,255,255,0)\u00a0\u00bb border_radii=\u00a0\u00bbon|1px|1px|1px|1px\u00a0\u00bb border_color_all=\u00a0\u00bb#000000&Prime; global_colors_info=\u00a0\u00bb{}\u00a0\u00bb][et_pb_column type=\u00a0\u00bb4_4&Prime; _builder_version=\u00a0\u00bb4.17.0&Prime; _module_preset=\u00a0\u00bbdefault\u00a0\u00bb global_colors_info=\u00a0\u00bb{}\u00a0\u00bb][et_pb_text _builder_version=\u00a0\u00bb4.17.0&Prime; _module_preset=\u00a0\u00bbdefault\u00a0\u00bb background_color=\u00a0\u00bbrgba(255,255,255,0.64)\u00a0\u00bb width=\u00a0\u00bb100%\u00a0\u00bb custom_padding=\u00a0\u00bb|||0px||\u00a0\u00bb border_radii=\u00a0\u00bbon|2px|2px|2px|2px\u00a0\u00bb border_width_all=\u00a0\u00bb1px\u00a0\u00bb border_color_all=\u00a0\u00bb#0C71C3&Prime; inline_fonts=\u00a0\u00bbAclonica,Aladin,Abril Fatface\u00a0\u00bb global_colors_info=\u00a0\u00bb{}\u00a0\u00bb]<\/p>\n<h2 style=\"text-align: center;\">\u00a0 \u00a0 \u00a0 \u00a0 \u00a0 \u00a0<\/h2>\n<h2 style=\"text-align: center;\"><em><span style=\"font-family: Aclonica; font-weight: normal;\">Nos tarifs journaliers<\/span><\/em><\/h2>\n<h2 style=\"text-align: center;\"><em><\/em><\/h2>\n<h2 style=\"text-align: center;\"><em><\/em><\/h2>\n<h2 style=\"text-align: center;\"><em><span style=\"font-family: Aclonica; font-weight: normal;\"><\/span><\/em><\/h2>\n<p style=\"text-align: center;\"><em><span style=\"font-family: Aclonica; font-weight: normal;\"><\/span><\/em><\/p>\n<p style=\"text-align: center;\">\u00a0 \u00a0 \u00a0<span style=\"font-family: Aladin; font-weight: normal; font-size: xx-large; color: #e02b20;\"><strong>2026<\/strong><\/span><\/p>\n<p style=\"text-align: center;\"><span style=\"font-family: Aclonica; font-weight: normal; color: #e02b20;\"><strong>\u00a0 \u00a0<span style=\"font-size: large;\">De midi \u00e0 midi<\/span><\/strong><\/span><\/p>\n<h3 style=\"text-align: left;\"><span style=\"text-decoration: underline;\"><\/span><\/h3>\n<h3 style=\"text-align: left;\"><span style=\"text-decoration: underline;\"><\/span><\/h3>\n<p style=\"text-align: left;\"><span style=\"text-decoration: underline;\"><\/span><\/p>\n<h4 style=\"text-align: left;\"><span style=\"color: #000000; font-family: Aclonica; font-weight: normal;\">\u00a0Adulte :\u00a0 \u00a0 \u00a0 \u00a0 \u00a0 \u00a0 \u00a0 \u00a0 \u00a0 \u00a0 \u00a0 \u00a0 \u00a0 \u00a0 \u00a0 \u00a0 \u00a0 \u00a0 \u00a0 \u00a0 \u00a0 \u00a0 \u00a0 \u00a0 \u00a0 \u00a0 \u00a0 \u00a0 \u00a04.70\u20ac<\/span><\/h4>\n<h4 style=\"text-align: left;\"><span style=\"color: #000000; font-family: Aclonica; font-weight: normal;\">\u00a0Enfant\u00a0 -3 ans :\u00a0 \u00a0 \u00a0 \u00a0 \u00a0 \u00a0 \u00a0 \u00a0 \u00a0 \u00a0 \u00a0 \u00a0 \u00a0 \u00a0 \u00a0 \u00a0 \u00a0 \u00a0 \u00a0 \u00a0 \u00a0 2.90\u20ac<\/span><\/h4>\n<h4 style=\"text-align: left;\"><span style=\"color: #000000; font-family: Aclonica; font-weight: normal;\">\u00a0Enfant\u00a0 -7 ans :\u00a0 \u00a0 \u00a0 \u00a0 \u00a0 \u00a0 \u00a0 \u00a0 \u00a0 \u00a0 \u00a0 \u00a0 \u00a0 \u00a0 \u00a0 \u00a0 \u00a0 \u00a0 \u00a0 \u00a0 \u00a0 \u00a03.95\u20ac<\/span><span style=\"font-family: Aclonica; font-weight: normal; font-size: large; color: #000000;\"><em><\/em><\/span><\/h4>\n<h4 style=\"text-align: left;\"><span style=\"font-family: Aclonica; font-weight: normal; color: #000000;\">\u00a0Emplacement :\u00a0 \u00a0 \u00a0 \u00a0 \u00a0 \u00a0 \u00a0 \u00a0 \u00a0 \u00a0 \u00a0 \u00a0 \u00a0 \u00a0 \u00a0 \u00a0 \u00a0 \u00a0 \u00a0 \u00a0 \u00a0 \u00a03.95\u20ac<\/span><\/h4>\n<h4 style=\"text-align: left;\"><span style=\"font-family: Aclonica; font-weight: normal; color: #000000;\">\u00a0Voiture :\u00a0 \u00a0 \u00a0 \u00a0 \u00a0 \u00a0 \u00a0 \u00a0 \u00a0 \u00a0 \u00a0 \u00a0 \u00a0 \u00a0 \u00a0 \u00a0 \u00a0 \u00a0 \u00a0 \u00a0 \u00a0 \u00a0 \u00a0 \u00a0 \u00a0 \u00a0 \u00a0 \u00a02.95\u20ac<\/span><\/h4>\n<h4 style=\"text-align: left;\"><span style=\"font-family: Aclonica; font-weight: normal; color: #000000;\">\u00a0Branchement \u00e9lectrique 10 Amp :\u00a0 \u00a0 \u00a0 \u00a0 5.20\u20ac<\/span><\/h4>\n<h4 style=\"text-align: left;\"><span style=\"font-family: Aclonica; font-weight: normal; color: #000000;\">\u00a0Frais de s\u00e9jour et d&rsquo;entretien\u00a0 \u00a0:\u00a0 \u00a0 \u00a0 \u00a0 \u00a0 \u00a00.60\u20ac<\/span><\/h4>\n<h4 style=\"text-align: left;\"><span style=\"font-family: Aclonica; font-weight: normal; color: #000000;\">\u00a0Ordure m\u00e9nag\u00e8re par parcelle :\u00a0 \u00a0 \u00a0 \u00a0 \u00a0 \u00a01.60\u20ac\u00a0<\/span><\/h4>\n<h4 style=\"text-align: left;\"><span style=\"font-family: Aclonica; font-weight: normal; color: #000000;\">\u00a0Moto\u00a0 :\u00a0 \u00a0 \u00a0 \u00a0 \u00a0 \u00a0 \u00a0 \u00a0 \u00a0 \u00a0 \u00a0 \u00a0 \u00a0 \u00a0 \u00a0 \u00a0 \u00a0 \u00a0 \u00a0 \u00a0 \u00a0 \u00a0 \u00a0 \u00a0 \u00a0 \u00a0 \u00a0 \u00a0 \u00a0 \u00a01.50\u20ac<\/span><\/h4>\n<h4 style=\"text-align: left;\"><span style=\"font-family: Aclonica; font-weight: normal; color: #000000;\">\u00a0Chien :\u00a0 \u00a0 \u00a0 \u00a0 \u00a0 \u00a0 \u00a0 \u00a0 \u00a0 \u00a0 \u00a0 \u00a0 \u00a0 \u00a0 \u00a0 \u00a0 \u00a0 \u00a0 \u00a0 \u00a0 \u00a0 \u00a0 \u00a0 \u00a0 \u00a0 \u00a0 \u00a0 \u00a0 \u00a0 \u00a01.70\u20ac <\/span><\/h4>\n<h4 style=\"text-align: left;\"><span style=\"font-family: Aclonica; font-weight: normal; color: #000000;\">\u00a0<\/span><span style=\"font-family: Aclonica; font-weight: normal; color: #000000;\"><\/span><span style=\"font-family: Aladin; font-weight: normal; color: #e02b20;\"><strong><span style=\"text-decoration: underline;\">Camping car<\/span> :<\/strong><\/span><\/h4>\n<p><span style=\"font-family: Aclonica; font-weight: normal; color: #000000;\"><\/span><\/p>\n<p><strong style=\"font-family: Aclonica; font-size: 22px; color: #333333;\">Vidange + eau uniquement :\u00a0 \u00a0 \u00a0 \u00a0 \u00a0 \u00a0 \u00a0 \u00a0 \u00a0 \u00a06.00\u20ac<\/strong><span style=\"font-family: Aclonica; font-weight: normal; color: #000000;\"><\/span><\/p>\n<h4 style=\"text-align: left;\"><span style=\"font-family: Aclonica; font-weight: normal;\"><strong>\u00a0Nuit\u00e9e 2 adultes sans \u00e9lectricit\u00e9 :\u00a0 \u00a0 \u00a0 14.00\u20ac<\/strong><\/span><\/h4>\n<h4 style=\"text-align: left;\"><span style=\"font-family: Aclonica; font-weight: normal;\"><strong>\u00a0(douche et vidange incluses)<\/strong><\/span><\/h4>\n<h3 style=\"text-align: left;\"><span style=\"font-family: Aladin; font-weight: normal; font-size: x-large; color: #e02b20;\"><strong>\u00a0<span style=\"text-decoration: underline;\">Visiteurs de 8h \u00e0 22 h<\/span><\/strong><\/span><\/h3>\n<p style=\"text-align: left;\"><strong><span style=\"text-decoration: underline;\"><\/span><\/strong><\/p>\n<h4 style=\"text-align: left;\"><span style=\"font-family: Aclonica; font-weight: normal;\"><strong>\u00a0Voiture (maxi 5 personnes) :\u00a0 \u00a0 \u00a0 \u00a0 \u00a0 \u00a0 \u00a0 \u00a0 \u00a0 \u00a05.00\u20ac<\/strong><\/span><\/h4>\n<h4 style=\"text-align: left;\"><span style=\"font-family: Aclonica; font-weight: normal;\"><strong>\u00a0Pi\u00e9ton par personne :\u00a0 \u00a0 \u00a0 \u00a0 \u00a0 \u00a0 \u00a0 \u00a0 \u00a0 \u00a0 \u00a0 \u00a0 \u00a0 \u00a0 \u00a0 \u00a02.60\u20ac<\/strong><\/span><\/h4>\n<h3 style=\"text-align: left;\"><span style=\"font-family: Aladin; font-weight: normal; font-size: x-large; color: #e02b20;\"><strong>\u00a0<span style=\"text-decoration: underline;\">Terrain mort :<\/span><\/strong><\/span><\/h3>\n<p style=\"text-align: left;\"><strong><span style=\"text-decoration: underline;\"><\/span><\/strong><\/p>\n<h4 style=\"text-align: left;\"><strong><span style=\"font-family: Aclonica;\">\u00a0Du 15\/06 au 15\/09 :\u00a0 \u00a0 \u00a0 \u00a0 \u00a0 \u00a0 \u00a0 \u00a0 \u00a0 \u00a0 \u00a0 \u00a0 \u00a0 \u00a0 \u00a0 \u00a0 \u00a0 \u00a0 \u00a0 20\u20ac<\/span><\/strong><\/h4>\n<h4 style=\"text-align: left;\"><strong><span style=\"font-family: Aclonica;\">\u00a0Du 16\/09 au 14\/06 :\u00a0 \u00a0 \u00a0 \u00a0 \u00a0 \u00a0 \u00a0 \u00a0 \u00a0 \u00a0 \u00a0 \u00a0 \u00a0 \u00a0 \u00a0 \u00a0 \u00a0 \u00a0 \u00a0 \u00a017\u20ac<\/span><\/strong><\/h4>\n<p style=\"text-align: left;\"><span style=\"font-family: Aladin; font-weight: normal; font-size: x-large; color: #e02b20;\"><strong>\u00a0<\/strong><\/span><span style=\"text-decoration: underline; font-family: Aladin; font-weight: normal; font-size: x-large; color: #e02b20;\"><strong>Ouvrier en d\u00e9placement :<\/strong><\/span><\/p>\n<p style=\"text-align: left;\"><span style=\"text-decoration: underline;\"><strong><\/strong><\/span><\/p>\n<h4 style=\"text-align: left;\"><span style=\"font-family: Aladin; font-weight: normal; color: #e02b20; font-size: x-large;\"><strong>\u00a0La semaine<\/strong><\/span><\/h4>\n<h4 style=\"text-align: left;\"><span style=\"font-family: Aclonica; font-weight: normal;\"><strong>\u00a0(douche et frais de s\u00e9jours inclus)<\/strong><\/span><\/h4>\n<h4 style=\"text-align: left;\"><span style=\"font-family: Aclonica; font-weight: normal;\"><strong>\u00a01 personne en caravane : \u00a0 \u00a0 \u00a0 \u00a0 \u00a0 \u00a0 \u00a0 \u00a0 \u00a0 \u00a0 \u00a0 \u00a0 \u00a0 68\u20ac<\/strong><\/span><\/h4>\n<h4 style=\"text-align: left;\"><span style=\"font-family: Aclonica; font-weight: normal;\"><strong>\u00a0\u00c9lectricit\u00e9 le Kwh :\u00a0 \u00a0 \u00a0 \u00a0 \u00a0 \u00a0 \u00a0 \u00a0 \u00a0 \u00a0 \u00a0 \u00a0 \u00a0 \u00a0 \u00a0 \u00a0 \u00a0 \u00a0 \u00a0 0.45\u20ac<\/strong><\/span><\/h4>\n<h4 style=\"text-align: left;\"><span style=\"font-family: Aclonica; font-weight: normal;\"><strong>\u00a0Terrain mort + 4 nuits cons\u00e9cutives :\u00a0 \u00a0 \u00a0 \u00a0 \u00a07\u20ac<\/strong><\/span><\/h4>\n<h4 style=\"text-align: left;\"><span style=\"font-family: Aclonica; font-weight: normal;\"><strong>\u00a0Caution carte d&rsquo;acc\u00e8s :\u00a0 \u00a0 \u00a0 \u00a0 \u00a0 \u00a0 \u00a0 \u00a0 \u00a0 \u00a0 \u00a0 \u00a0 \u00a0 \u00a0 \u00a0 \u00a060\u20ac<\/strong><\/span><\/h4>\n<h3 style=\"text-align: left;\"><span style=\"font-size: x-large;\"><span style=\"font-family: Aladin; font-weight: normal; color: #e02b20;\"><strong>\u00a0<\/strong><\/span><span style=\"text-decoration: underline; font-family: Aladin; font-weight: normal; color: #e02b20;\"><strong>Forfaits annuels :<\/strong><\/span><\/span><\/h3>\n<p style=\"text-align: left;\"><span style=\"text-decoration: underline;\"><strong><\/strong><\/span><\/p>\n<h4 style=\"text-align: left;\"><span style=\"font-family: Aclonica; font-weight: normal;\"><strong>\u00a0Contrat de 11 mois nominatif<\/strong><\/span><\/h4>\n<h4 style=\"text-align: left;\"><span style=\"font-family: Aclonica; font-weight: normal;\"><strong>\u00a0(120 jours de pr\u00e9sence)<\/strong><\/span><\/h4>\n<h4 style=\"text-align: left;\"><span style=\"font-family: Aclonica; font-weight: normal;\"><strong>\u00a0Contrat pour 4 personnes ou <\/strong><\/span><\/h4>\n<h4 style=\"text-align: left;\"><span style=\"font-family: Aclonica; font-weight: normal;\"><strong>\u00a05 personnes (2 adultes et 3 enfants) :<\/strong><\/span><\/h4>\n<h4 style=\"text-align: left;\"><span style=\"font-family: Aclonica; font-weight: normal;\"><strong>\u00a0pour 10 Amp :\u00a0 \u00a0 \u00a0 \u00a0 \u00a0 \u00a0 \u00a0 \u00a0 \u00a0 \u00a0 \u00a0 \u00a0 \u00a0 \u00a0 \u00a0 \u00a0 \u00a0 \u00a0 \u00a0 \u00a0 \u00a0 2400\u20ac<\/strong><\/span><\/h4>\n<h4 style=\"text-align: left;\"><span style=\"font-family: Aclonica; font-weight: normal;\"><strong>\u00a0pour 16 Amp :\u00a0 \u00a0 \u00a0 \u00a0 \u00a0 \u00a0 \u00a0 \u00a0 \u00a0 \u00a0 \u00a0 \u00a0 \u00a0 \u00a0 \u00a0 \u00a0 \u00a0 \u00a0 \u00a0 \u00a0 \u00a0 2570\u20ac<\/strong><\/span><\/h4>\n<h4 style=\"text-align: left;\"><span style=\"font-family: Aclonica; font-weight: normal;\"><strong>\u00a0+ consommations :<\/strong><\/span><\/h4>\n<h4 style=\"text-align: left;\"><span style=\"font-family: Aclonica; font-weight: normal;\"><strong>\u00a0Eau le m3\u00a0 \u00a0 \u00a0 \u00a0 \u00a0 \u00a0 \u00a0 \u00a0 \u00a0 \u00a0 \u00a0 \u00a0 \u00a0 \u00a0 \u00a0 \u00a0 \u00a0 \u00a0 \u00a0 \u00a0 \u00a0 \u00a0 \u00a0 \u00a0 \u00a0 \u00a0 \u00a02.60\u20ac<\/strong><\/span><\/h4>\n<h4 style=\"text-align: left;\"><span style=\"font-family: Aclonica; font-weight: normal;\"><strong>\u00a0Courant le Kwh\u00a0 \u00a0 \u00a0 \u00a0 \u00a0 \u00a0 \u00a0 \u00a0 \u00a0 \u00a0 \u00a0 \u00a0 \u00a0 \u00a0 \u00a0 \u00a0 \u00a0 \u00a0 \u00a0<\/strong><strong>\u00a0 \u00a0 \u00a00.45\u20ac<\/strong><\/span><\/h4>\n<h4 style=\"text-align: left;\"><span style=\"font-family: Aclonica; font-weight: normal;\"><strong>\u00a0Personne suppl\u00e9mentaire (2max)\u00a0 \u00a0 \u00a0 \u00a0 \u00a0 \u00a0<\/strong><strong>110\u20ac<\/strong><\/span><\/h4>\n<p style=\"text-align: left;\"><span style=\"font-family: Aclonica; font-weight: normal;\"><strong><\/strong><\/span><\/p>\n<h4 style=\"text-align: left;\"><span style=\"font-family: Aladin; font-weight: normal; color: #e02b20; font-size: xx-large;\"><strong>\u00a0<span style=\"font-size: x-large;\"><span style=\"text-decoration: underline;\">Frais la premi\u00e8re ann\u00e9e uniquement <\/span>:<\/span><\/strong><\/span><\/h4>\n<p style=\"text-align: left;\"><span style=\"font-family: Aladin; font-weight: normal; color: #e02b20; font-size: xx-large;\"><strong><\/strong><\/span><\/p>\n<h4 style=\"text-align: left;\"><span style=\"font-family: Aclonica; font-weight: normal;\"><strong>\u00a0 Raccordement fosse : \u00a0 \u00a0 \u00a0 \u00a0 \u00a0 \u00a0 \u00a0 \u00a0 \u00a0 \u00a0 \u00a0 \u00a0 \u00a0 \u00a0<\/strong><strong>270\u20ac<\/strong><\/span><\/h4>\n<h4 style=\"text-align: left;\"><span style=\"font-family: Aclonica; font-weight: normal;\"><strong>\u00a0 \u00a0 <span style=\"color: #e02b20;\"><span style=\"text-decoration: underline;\">Cautions<\/span> : <\/span><\/strong><\/span><\/h4>\n<h4 style=\"text-align: left;\"><span style=\"font-family: Aclonica; font-weight: normal;\"><strong>\u00a0 \u00a0Carte d&rsquo;acc\u00e8s : \u00a0 \u00a0 \u00a0 \u00a0 \u00a0 \u00a0 \u00a0 \u00a0 \u00a0 \u00a0 \u00a0 \u00a0 \u00a0 \u00a0 \u00a0 \u00a0 \u00a0 \u00a0 \u00a0 \u00a0 \u00a0 60\u20ac<\/strong><\/span><\/h4>\n<h4 style=\"text-align: left;\"><span style=\"font-family: Aclonica; font-weight: normal;\"><strong>\u00a0 \u00a0Compteurs (eau et \u00e9lectricit\u00e9) :\u00a0\u00a0<\/strong><\/span><\/h4>\n<h4 style=\"text-align: left;\"><span style=\"font-family: Aclonica; font-weight: normal;\"><strong>\u00a0 \u00a010 Amp\u00a0 \u00a0 \u00a0 \u00a0 \u00a0 \u00a0 \u00a0 \u00a0 \u00a0 \u00a0 \u00a0 \u00a0 \u00a0 \u00a0 \u00a0 \u00a0 \u00a0 \u00a0 \u00a0 \u00a0 \u00a0 \u00a0 \u00a0 \u00a0 \u00a0 \u00a0 \u00a0 \u00a0295\u20ac<\/strong><\/span><\/h4>\n<h4 style=\"text-align: left;\"><span style=\"font-family: Aclonica; font-weight: normal;\"><strong>\u00a0 \u00a016 Amp\u00a0 \u00a0 \u00a0 \u00a0 \u00a0 \u00a0 \u00a0 \u00a0 \u00a0 \u00a0 \u00a0 <\/strong><strong>\u00a0 \u00a0 \u00a0 \u00a0 \u00a0 \u00a0 \u00a0 \u00a0 \u00a0 \u00a0 \u00a0 \u00a0 \u00a0 \u00a0 \u00a0 \u00a0 \u00a0370\u20ac\u00a0 \u00a0 \u00a0<\/strong><\/span><\/h4>\n<h4 style=\"text-align: left;\"><\/h4>\n<h3 style=\"text-align: left;\"><span style=\"color: #e02b20; font-family: Aladin; font-weight: normal; font-size: xx-large;\"><em><strong>\u00a0<span style=\"text-decoration: underline; font-size: x-large;\">Acc\u00e8s wifi payant pour les campeurs.<\/span><\/strong><\/em><\/span><\/h3>\n<p>[\/et_pb_text][\/et_pb_column][\/et_pb_row][\/et_pb_section]<\/p>\n","protected":false},"excerpt":{"rendered":"<p>\u00a0 \u00a0 \u00a0 \u00a0 \u00a0 \u00a0 Nos tarifs journaliers \u00a0 \u00a0 \u00a02026 \u00a0 \u00a0De midi \u00e0 midi \u00a0Adulte :\u00a0 \u00a0 \u00a0 \u00a0 \u00a0 \u00a0 \u00a0 \u00a0 \u00a0 \u00a0 \u00a0 \u00a0 \u00a0 \u00a0 \u00a0 \u00a0 \u00a0 \u00a0 \u00a0 \u00a0 \u00a0 \u00a0 \u00a0 \u00a0 \u00a0 \u00a0 \u00a0 \u00a0 \u00a04.70\u20ac \u00a0Enfant\u00a0 -3 ans :\u00a0 \u00a0 \u00a0 \u00a0 \u00a0 [&hellip;]<\/p>\n","protected":false},"author":1,"featured_media":0,"parent":0,"menu_order":0,"comment_status":"closed","ping_status":"closed","template":"","meta":{"_et_pb_use_builder":"on","_et_pb_old_content":"","_et_gb_content_width":"","footnotes":""},"class_list":["post-48","page","type-page","status-publish","hentry"],"_links":{"self":[{"href":"http:\/\/vbvxxts.cluster031.hosting.ovh.net\/index.php\/wp-json\/wp\/v2\/pages\/48","targetHints":{"allow":["GET"]}}],"collection":[{"href":"http:\/\/vbvxxts.cluster031.hosting.ovh.net\/index.php\/wp-json\/wp\/v2\/pages"}],"about":[{"href":"http:\/\/vbvxxts.cluster031.hosting.ovh.net\/index.php\/wp-json\/wp\/v2\/types\/page"}],"author":[{"embeddable":true,"href":"http:\/\/vbvxxts.cluster031.hosting.ovh.net\/index.php\/wp-json\/wp\/v2\/users\/1"}],"replies":[{"embeddable":true,"href":"http:\/\/vbvxxts.cluster031.hosting.ovh.net\/index.php\/wp-json\/wp\/v2\/comments?post=48"}],"version-history":[{"count":64,"href":"http:\/\/vbvxxts.cluster031.hosting.ovh.net\/index.php\/wp-json\/wp\/v2\/pages\/48\/revisions"}],"predecessor-version":[{"id":2013,"href":"http:\/\/vbvxxts.cluster031.hosting.ovh.net\/index.php\/wp-json\/wp\/v2\/pages\/48\/revisions\/2013"}],"wp:attachment":[{"href":"http:\/\/vbvxxts.cluster031.hosting.ovh.net\/index.php\/wp-json\/wp\/v2\/media?parent=48"}],"curies":[{"name":"wp","href":"https:\/\/api.w.org\/{rel}","templated":true}]}}